{"id":649,"date":"2025-08-20T22:50:24","date_gmt":"2025-08-20T20:50:24","guid":{"rendered":"https:\/\/bichamp-emea.com\/technischer-support\/"},"modified":"2025-11-11T15:17:43","modified_gmt":"2025-11-11T14:17:43","slug":"technischer-support","status":"publish","type":"page","link":"https:\/\/bichamp-emea.com\/de\/technischer-support\/","title":{"rendered":"Technischer Support"},"content":{"rendered":"<h2><span style=\"color: #f5a200;\">Profitieren Sie von unserer technischen Expertise<\/span><\/h2>\n<p>Damit Ihre S\u00e4geprozesse pr\u00e4zise, wirtschaftlich und zuverl\u00e4ssig laufen, steht Ihnen unser Technical Support-Team zur Seite. Ob bei Ihnen vor Ort oder per Remote-Unterst\u00fctzung \u2013 wir analysieren, beraten und optimieren gemeinsam mit Ihnen. Unser Ziel: Ihre Effizienz steigern, Kosten senken und Prozesssicherheit erh\u00f6hen.<\/p>\n","protected":false},"excerpt":{"rendered":"<p>Profitieren Sie von unserer technischen Expertise Damit Ihre S\u00e4geprozesse pr\u00e4zise, wirtschaftlich und zuverl\u00e4ssig laufen, steht Ihnen unser Technical Support-Team zur Seite. Ob bei Ihnen vor Ort oder per Remote-Unterst\u00fctzung \u2013 wir analysieren, beraten und optimieren gemeinsam mit Ihnen. Unser Ziel: Ihre Effizienz steigern, Kosten senken und Prozesssicherheit erh\u00f6hen.<\/p>\n","protected":false},"author":1,"featured_media":0,"parent":0,"menu_order":0,"comment_status":"closed","ping_status":"closed","template":"page-templates\/support.php","meta":{"_acf_changed":false,"footnotes":""},"class_list":["post-649","page","type-page","status-publish","hentry"],"acf":[],"_links":{"self":[{"href":"https:\/\/bichamp-emea.com\/de\/wp-json\/wp\/v2\/pages\/649","targetHints":{"allow":["GET"]}}],"collection":[{"href":"https:\/\/bichamp-emea.com\/de\/wp-json\/wp\/v2\/pages"}],"about":[{"href":"https:\/\/bichamp-emea.com\/de\/wp-json\/wp\/v2\/types\/page"}],"author":[{"embeddable":true,"href":"https:\/\/bichamp-emea.com\/de\/wp-json\/wp\/v2\/users\/1"}],"replies":[{"embeddable":true,"href":"https:\/\/bichamp-emea.com\/de\/wp-json\/wp\/v2\/comments?post=649"}],"version-history":[{"count":7,"href":"https:\/\/bichamp-emea.com\/de\/wp-json\/wp\/v2\/pages\/649\/revisions"}],"predecessor-version":[{"id":878,"href":"https:\/\/bichamp-emea.com\/de\/wp-json\/wp\/v2\/pages\/649\/revisions\/878"}],"wp:attachment":[{"href":"https:\/\/bichamp-emea.com\/de\/wp-json\/wp\/v2\/media?parent=649"}],"curies":[{"name":"wp","href":"https:\/\/api.w.org\/{rel}","templated":true}]}}