{"id":662,"date":"2025-08-22T10:57:25","date_gmt":"2025-08-22T08:57:25","guid":{"rendered":"https:\/\/bichamp-emea.com\/unternehmen\/"},"modified":"2025-10-16T09:07:29","modified_gmt":"2025-10-16T07:07:29","slug":"ueber-uns","status":"publish","type":"page","link":"https:\/\/bichamp-emea.com\/de\/ueber-uns\/","title":{"rendered":"\u00dcber uns"},"content":{"rendered":"<h2><span style=\"color: #f5a200;\">Globale Expertise f\u00fcr Europa, den Mittleren Osten und Afrika.<\/span><\/h2>\n<p class=\"p1\">In nur 23 Jahren hat sich Bichamp zum Marktf\u00fchrer in China entwickelt und z\u00e4hlt auch weltweit zu den f\u00fchrenden Herstellern von Bands\u00e4gebl\u00e4ttern. Mehr als 2.500 Mitarbeitende, sieben Servicezentren und \u00fcber 300 Handelspartner bieten unseren Kunden jederzeit gleicherma\u00dfen globale Pr\u00e4senz und technischen Support vor Ort. Unsere j\u00e4hrliche Produktion von rund 29 Millionen Metern Bands\u00e4gebl\u00e4ttern erreicht Kunden in \u00fcber 50 L\u00e4ndern.<\/p>\n<p class=\"p1\">Als deutsche Tochtergesellschaft bringt Bichamp EMEA die Vorteile dieser fortschrittlichen Fertigung nach Europa, in den Nahen Osten und nach Afrika \u2013 schnell, zuverl\u00e4ssig und mit klarem Fokus auf Kosteneffizienz. F\u00fcr die anspruchsvollen Aufgaben unserer Kunden verbinden wird Pr\u00e4zision, Standfestigkeit und exzellente Servicelevel f\u00fcr eine optimale Produktion.<\/p>\n<p>&nbsp;<\/p>\n<h2><span style=\"color: #f5a200;\">Ihr Nutzen<\/span><\/h2>\n<p class=\"p1\">Leistung entsteht nicht zuf\u00e4llig \u2013 sie ist das Ergebnis von Erfahrung, Kostenbewusstsein und kompromisslosen Qualit\u00e4tsstandards. Deshalb folgen unsere S\u00e4geb\u00e4nder keinen Standards \u2013 sie setzen neue Ma\u00dfst\u00e4be.<\/p>\n<h3><span style=\"color: #231815;\">Prozesssicherheit<\/span><\/h3>\n<p>Bei Bichamp EMEA ist Zuverl\u00e4ssigkeit die Grundlage unseres Handelns. Mit einer fortschrittlichen Produktion, hoher Lagerverf\u00fcgbarkeit und transparenter Qualit\u00e4tssicherung gew\u00e4hrleisten wir konsistente Leistung und langfristige Versorgungssicherheit. F\u00fcr Sie bedeutet das stabile Prozesse und eine unterbrechungsfreie Produktion \u2013 heute und morgen.<\/p>\n<h3><span style=\"color: #231815;\">Planungssicherheit<\/span><\/h3>\n<p>Reibungslose Arbeitsabl\u00e4ufe erfordern eine verl\u00e4ssliche Planung. Mit au\u00dfergew\u00f6hnlich schnellen Lieferzeiten, optimierter Logistik und flexibler Abwicklung von Abrufauftr\u00e4gen halten wir Ihre Produktion in Bewegung. Direkte Kommunikation, feste Ansprechpartner und kurze Entscheidungswege machen die Zusammenarbeit mit uns effizient und unkompliziert.<\/p>\n<h3><span style=\"color: #231815;\">Cost-per-Cut-Optimierung<\/span><\/h3>\n<p>Hohe Performance ist dann besonders wertvoll, wenn sie gleichzeitig kosteneffizient ist. Unsere Engineering-Expertise, fortschrittliche Technologie und ma\u00dfgeschneiderte Beratung helfen Ihnen, Ihre Produktivit\u00e4t zu maximieren und gleichzeitig die Gesamtkosten zu senken. Das Ergebnis: messbare Effizienzsteigerungen und echter Mehrwert.<\/p>\n<p>&nbsp;<\/p>\n<h2><span style=\"color: #f5a200;\">Wir stehen f\u00fcr technologische Exzellenz.<\/span><\/h2>\n<p class=\"p1\">Innovation war und ist ein wesentlicher Antrieb bei Bichamp. Im eigenen PhD-Research-Center forschen und entwickeln wir als Vorreiter in der technologischen Exzellenz intensiv an Fortschritten in den Bereichen Automatisierung, KI, Robotik und IoT. Fortschrittliche Fertigungstechnologien und eine moderne, zuverl\u00e4ssige Produktionsinfrastruktur garantieren dabei die nahtlose Umsetzung von Innovationen in reale L\u00f6sungen. Zahlreiche internationale Zertifizierungen und Patente belegen unsere hohen Standards an Qualit\u00e4t und Zuverl\u00e4ssigkeit.<\/p>\n<p>&nbsp;<\/p>\n<h2><span style=\"color: #f5a200;\">L\u00f6sungen, die Sie \u00fcberall hin begleiten.<\/span><\/h2>\n<p class=\"p1\">Bichamp EMEA steht f\u00fcr schnelle Reaktionszeiten, langfristige Versorgungssicherheit und ein partnerschaftliches Kundenerlebnis auf der Basis von Vertrauen. Mit 24\/7-Support, sieben Servicezentren weltweit und einem eigenen technischen Kompetenzzentrum bieten wir ma\u00dfgeschneiderte L\u00f6sungen und verl\u00e4sslichen Service \u2013 jederzeit und \u00fcberall.<\/p>\n<p>&nbsp;<\/p>\n<h2><span style=\"color: #f5a200;\">Transparenz in allem, was wir tun.<\/span><\/h2>\n<p>Transparenz ist f\u00fcr uns ein Versprechen. Wir geben Einblick in unsere Produktionsstandorte und unsere Qualit\u00e4tssicherung und laden Sie ein, sich vor Ort selbst ein Bild von unseren Werken zu machen. Offene Informationen schaffen Vertrauen \u2013 und mit Bichamp erleben Sie Transparenz in jedem Schritt.<\/p>\n<p>&nbsp;<\/p>\n<h2><span style=\"color: #f5a200;\">Wir k\u00fcmmern uns. Gemeinsam.<\/span><\/h2>\n<p>F\u00fcr uns bedeutet K\u00fcmmern, Verantwortung zu \u00fcbernehmen \u2013 f\u00fcr unsere Branche, die Umwelt und die Gesellschaft. Wir investieren aktiv in gemeinsame Projekte, f\u00f6rdern eine umweltfreundliche und kohlenstoffarme Produktion und unterst\u00fctzen Initiativen von der Katastrophenhilfe bis hin zu Bildung und sozialer F\u00f6rderung. Durch die Verbindung von Innovation und sozialer Verantwortung schaffen wir nachhaltigen Wert \u2013 f\u00fcr unsere Kunden, unsere Gesellschaft und unseren Planeten.<\/p>\n","protected":false},"excerpt":{"rendered":"<p>Globale Expertise f\u00fcr Europa, den Mittleren Osten und Afrika. In nur 23 Jahren hat sich Bichamp zum Marktf\u00fchrer in China entwickelt und z\u00e4hlt auch weltweit zu den f\u00fchrenden Herstellern von Bands\u00e4gebl\u00e4ttern. Mehr als 2.500 Mitarbeitende, sieben Servicezentren und \u00fcber 300 Handelspartner bieten unseren Kunden jederzeit gleicherma\u00dfen globale Pr\u00e4senz und technischen Support vor Ort. Unsere j\u00e4hrliche [&hellip;]<\/p>\n","protected":false},"author":1,"featured_media":0,"parent":0,"menu_order":0,"comment_status":"closed","ping_status":"closed","template":"page-templates\/about.php","meta":{"_acf_changed":false,"footnotes":""},"class_list":["post-662","page","type-page","status-publish","hentry"],"acf":[],"_links":{"self":[{"href":"https:\/\/bichamp-emea.com\/de\/wp-json\/wp\/v2\/pages\/662","targetHints":{"allow":["GET"]}}],"collection":[{"href":"https:\/\/bichamp-emea.com\/de\/wp-json\/wp\/v2\/pages"}],"about":[{"href":"https:\/\/bichamp-emea.com\/de\/wp-json\/wp\/v2\/types\/page"}],"author":[{"embeddable":true,"href":"https:\/\/bichamp-emea.com\/de\/wp-json\/wp\/v2\/users\/1"}],"replies":[{"embeddable":true,"href":"https:\/\/bichamp-emea.com\/de\/wp-json\/wp\/v2\/comments?post=662"}],"version-history":[{"count":12,"href":"https:\/\/bichamp-emea.com\/de\/wp-json\/wp\/v2\/pages\/662\/revisions"}],"predecessor-version":[{"id":860,"href":"https:\/\/bichamp-emea.com\/de\/wp-json\/wp\/v2\/pages\/662\/revisions\/860"}],"wp:attachment":[{"href":"https:\/\/bichamp-emea.com\/de\/wp-json\/wp\/v2\/media?parent=662"}],"curies":[{"name":"wp","href":"https:\/\/api.w.org\/{rel}","templated":true}]}}