{"id":789,"date":"2025-09-22T16:24:37","date_gmt":"2025-09-22T14:24:37","guid":{"rendered":"https:\/\/bichamp-emea.com\/werden-sie-teil-des-teams\/"},"modified":"2025-11-25T19:21:01","modified_gmt":"2025-11-25T18:21:01","slug":"werden-sie-teil-des-teams","status":"publish","type":"page","link":"https:\/\/bichamp-emea.com\/de\/werden-sie-teil-des-teams\/","title":{"rendered":"WERDEN SIE TEIL UNSERES TEAMS."},"content":{"rendered":"<p>Bei Bichamp EMEA sind wir davon \u00fcberzeugt, dass Innovationen in der Schneidtechnologie mit starken Partnerschaften und den Menschen hinter den S\u00e4gebl\u00e4ttern beginnen. Mit weltweiten Niederlassungen, modernen Produktionsst\u00e4tten sowie einem Team von 2.500 Mitarbeitern und \u00fcber 300 H\u00e4ndlern sind wir einer der weltweit f\u00fchrenden Hersteller von Bands\u00e4gebl\u00e4ttern. <\/p>\n<p><strong class=\"font-black\">Werden Sie Teil unseres globalen Teams und gestalten Sie mit uns die Zukunft von Bichamp EMEA!<\/strong><\/p>\n","protected":false},"excerpt":{"rendered":"<p>Bei Bichamp EMEA sind wir davon \u00fcberzeugt, dass Innovationen in der Schneidtechnologie mit starken Partnerschaften und den Menschen hinter den S\u00e4gebl\u00e4ttern beginnen. Mit weltweiten Niederlassungen, modernen Produktionsst\u00e4tten sowie einem Team von 2.500 Mitarbeitern und \u00fcber 300 H\u00e4ndlern sind wir einer der weltweit f\u00fchrenden Hersteller von Bands\u00e4gebl\u00e4ttern. Werden Sie Teil unseres globalen Teams und gestalten Sie [&hellip;]<\/p>\n","protected":false},"author":1,"featured_media":0,"parent":0,"menu_order":0,"comment_status":"closed","ping_status":"closed","template":"page-templates\/team.php","meta":{"_acf_changed":false,"footnotes":""},"class_list":["post-789","page","type-page","status-publish","hentry"],"acf":[],"_links":{"self":[{"href":"https:\/\/bichamp-emea.com\/de\/wp-json\/wp\/v2\/pages\/789","targetHints":{"allow":["GET"]}}],"collection":[{"href":"https:\/\/bichamp-emea.com\/de\/wp-json\/wp\/v2\/pages"}],"about":[{"href":"https:\/\/bichamp-emea.com\/de\/wp-json\/wp\/v2\/types\/page"}],"author":[{"embeddable":true,"href":"https:\/\/bichamp-emea.com\/de\/wp-json\/wp\/v2\/users\/1"}],"replies":[{"embeddable":true,"href":"https:\/\/bichamp-emea.com\/de\/wp-json\/wp\/v2\/comments?post=789"}],"version-history":[{"count":7,"href":"https:\/\/bichamp-emea.com\/de\/wp-json\/wp\/v2\/pages\/789\/revisions"}],"predecessor-version":[{"id":849,"href":"https:\/\/bichamp-emea.com\/de\/wp-json\/wp\/v2\/pages\/789\/revisions\/849"}],"wp:attachment":[{"href":"https:\/\/bichamp-emea.com\/de\/wp-json\/wp\/v2\/media?parent=789"}],"curies":[{"name":"wp","href":"https:\/\/api.w.org\/{rel}","templated":true}]}}